{"id":860,"date":"2019-02-15T19:04:24","date_gmt":"2019-02-15T18:04:24","guid":{"rendered":"http:\/\/szmat.sk\/?page_id=860"},"modified":"2019-02-15T19:13:24","modified_gmt":"2019-02-15T18:13:24","slug":"kontakt-2","status":"publish","type":"page","link":"https:\/\/szmat.sk\/sk\/kontakt-2\/","title":{"rendered":"Kontakty"},"content":{"rendered":"<p><strong>Akademick\u00e1 rada Ma\u010farov na Slovensku<\/strong><\/p>\n<p>(Szlov\u00e1kiai Magyar Akad\u00e9miai Tan\u00e1cs)<\/p>\n<p>Parkov\u00e1 ulica 4.<\/p>\n<p>931 01 \u0160amor\u00edn<\/p>\n<p>&nbsp;<\/p>\n<p><strong>Ondrej M\u00e9sz\u00e1ros, predseda (tel.: 0904 637 849, mail:<\/strong> <a href=\"bandimeszaros@azet.sk\">bandimeszaros@azet.sk<\/a>)<\/p>\n<p><strong>Melinda Nagy, tajomn\u00ed\u010dka (mail:<\/strong> <a href=\"szmat.nagymelinda@gmail.com\">szmat.nagymelinda@gmail.com<\/a>)<\/p>\n","protected":false},"excerpt":{"rendered":"<p>Akademick\u00e1 rada Ma\u010farov na Slovensku (Szlov\u00e1kiai Magyar Akad\u00e9miai Tan\u00e1cs) Parkov\u00e1 ulica 4. 931 01 \u0160amor\u00edn &nbsp; Ondrej M\u00e9sz\u00e1ros, predseda (tel.: 0904 637 849, mail: bandimeszaros@azet.sk) Melinda Nagy, tajomn\u00ed\u010dka (mail: szmat.nagymelinda@gmail.com)<\/p>\n","protected":false},"author":2,"featured_media":0,"parent":0,"menu_order":0,"comment_status":"closed","ping_status":"closed","template":"","meta":{"footnotes":""},"class_list":["post-860","page","type-page","status-publish","hentry"],"_links":{"self":[{"href":"https:\/\/szmat.sk\/sk\/wp-json\/wp\/v2\/pages\/860","targetHints":{"allow":["GET"]}}],"collection":[{"href":"https:\/\/szmat.sk\/sk\/wp-json\/wp\/v2\/pages"}],"about":[{"href":"https:\/\/szmat.sk\/sk\/wp-json\/wp\/v2\/types\/page"}],"author":[{"embeddable":true,"href":"https:\/\/szmat.sk\/sk\/wp-json\/wp\/v2\/users\/2"}],"replies":[{"embeddable":true,"href":"https:\/\/szmat.sk\/sk\/wp-json\/wp\/v2\/comments?post=860"}],"version-history":[{"count":2,"href":"https:\/\/szmat.sk\/sk\/wp-json\/wp\/v2\/pages\/860\/revisions"}],"predecessor-version":[{"id":868,"href":"https:\/\/szmat.sk\/sk\/wp-json\/wp\/v2\/pages\/860\/revisions\/868"}],"wp:attachment":[{"href":"https:\/\/szmat.sk\/sk\/wp-json\/wp\/v2\/media?parent=860"}],"curies":[{"name":"wp","href":"https:\/\/api.w.org\/{rel}","templated":true}]}}