{"id":350,"date":"2014-04-22T13:25:34","date_gmt":"2014-04-22T11:25:34","guid":{"rendered":"http:\/\/szmat.sk\/arms\/mta-szlovakiai-kulso-tagjai\/"},"modified":"2015-08-20T09:31:24","modified_gmt":"2015-08-20T07:31:24","slug":"externi-clenovia-mav-na-slovensku","status":"publish","type":"page","link":"https:\/\/szmat.sk\/sk\/arms\/externi-clenovia-mav-na-slovensku\/","title":{"rendered":"Extern\u00ed \u010dlenovia MAV na Slovensku"},"content":{"rendered":"<table class=\"members\" style=\"color: #474747;\" border=\"0\" cellspacing=\"2\" cellpadding=\"0\">\n<tbody>\n<tr>\n<td class=\"member\" style=\"color: #454444;\">\n<div class=\"header\">\n<div class=\"name\" style=\"color: #424242; text-align: center;\"><\/div>\n<div class=\"type\" style=\"color: #870802; text-align: center;\"><a style=\"color: #991417;\" href=\"http:\/\/mta.hu\/koztestuleti_tagok?PersonId=18893\" target=\"_self\"><img loading=\"lazy\" decoding=\"async\" class=\"aligncenter\" title=\"Bauer Gy\u0151z\u0151\" src=\"https:\/\/aat.mta.hu\/aat\/FileData\/Get\/519\" alt=\"Bauer Gy\u0151z\u0151\" width=\"187\" height=\"248\" border=\"0\" \/><\/a><\/div>\n<\/div>\n<div class=\"middle\">\n<div class=\"low\" style=\"color: #424242; text-align: center;\">Gy\u0151z\u0151 Bauer<\/div>\n<\/div>\n<\/td>\n<td class=\"member\" style=\"color: #454444;\">\n<div class=\"header\"><\/div>\n<div class=\"middle\"><a style=\"color: #991417;\" href=\"http:\/\/mta.hu\/koztestuleti_tagok?PersonId=19630\"><img loading=\"lazy\" decoding=\"async\" class=\"aligncenter\" title=\"Dusza J\u00e1nos\" src=\"https:\/\/aat.mta.hu\/aat\/FileData\/Get\/1043\" alt=\"Dusza J\u00e1nos\" width=\"174\" height=\"231\" border=\"0\" \/><\/a><\/p>\n<div class=\"low\" style=\"color: #424242; text-align: center;\">J\u00e1nos Dusza<\/div>\n<\/div>\n<\/td>\n<td class=\"member\" style=\"color: #454444;\">\n<div class=\"header\"><\/div>\n<div class=\"middle\"><a style=\"color: #991417;\" href=\"http:\/\/mta.hu\/koztestuleti_tagok?PersonId=19756\" target=\"_self\"><img loading=\"lazy\" decoding=\"async\" class=\"aligncenter\" title=\"Fl\u00f3ri\u00e1n K\u00e1roly\" src=\"https:\/\/aat.mta.hu\/aat\/FileData\/Get\/2982\" alt=\"Fl\u00f3ri\u00e1n K\u00e1roly\" width=\"174\" height=\"230\" border=\"0\" \/><\/a><\/p>\n<div class=\"low\" style=\"color: #424242; text-align: center;\">K\u00e1roly Fl\u00f3ri\u00e1n<\/div>\n<\/div>\n<\/td>\n<\/tr>\n<tr>\n<td class=\"member\" style=\"color: #454444;\">\n<div class=\"header\"><\/div>\n<div class=\"middle\"><a style=\"color: #991417;\" href=\"http:\/\/mta.hu\/koztestuleti_tagok?PersonId=19631\" target=\"_self\"><img loading=\"lazy\" decoding=\"async\" class=\"aligncenter\" title=\"Hulk\u00f3 G\u00e1bor\" src=\"https:\/\/aat.mta.hu\/aat\/FileData\/Get\/1044\" alt=\"Hulk\u00f3 G\u00e1bor\" width=\"193\" height=\"256\" border=\"0\" \/><\/a><\/p>\n<div class=\"low\" style=\"color: #424242; text-align: center;\">G\u00e1bor Hulk\u00f3<\/div>\n<\/div>\n<\/td>\n<\/tr>\n<\/tbody>\n<\/table>\n","protected":false},"excerpt":{"rendered":"<p>Gy\u0151z\u0151 Bauer J\u00e1nos Dusza K\u00e1roly Fl\u00f3ri\u00e1n G\u00e1bor Hulk\u00f3<\/p>\n","protected":false},"author":1,"featured_media":0,"parent":273,"menu_order":0,"comment_status":"open","ping_status":"open","template":"","meta":{"footnotes":""},"class_list":["post-350","page","type-page","status-publish","hentry"],"_links":{"self":[{"href":"https:\/\/szmat.sk\/sk\/wp-json\/wp\/v2\/pages\/350","targetHints":{"allow":["GET"]}}],"collection":[{"href":"https:\/\/szmat.sk\/sk\/wp-json\/wp\/v2\/pages"}],"about":[{"href":"https:\/\/szmat.sk\/sk\/wp-json\/wp\/v2\/types\/page"}],"author":[{"embeddable":true,"href":"https:\/\/szmat.sk\/sk\/wp-json\/wp\/v2\/users\/1"}],"replies":[{"embeddable":true,"href":"https:\/\/szmat.sk\/sk\/wp-json\/wp\/v2\/comments?post=350"}],"version-history":[{"count":1,"href":"https:\/\/szmat.sk\/sk\/wp-json\/wp\/v2\/pages\/350\/revisions"}],"predecessor-version":[{"id":375,"href":"https:\/\/szmat.sk\/sk\/wp-json\/wp\/v2\/pages\/350\/revisions\/375"}],"up":[{"embeddable":true,"href":"https:\/\/szmat.sk\/sk\/wp-json\/wp\/v2\/pages\/273"}],"wp:attachment":[{"href":"https:\/\/szmat.sk\/sk\/wp-json\/wp\/v2\/media?parent=350"}],"curies":[{"name":"wp","href":"https:\/\/api.w.org\/{rel}","templated":true}]}}