{"id":280,"date":"2014-04-22T13:26:12","date_gmt":"2014-04-22T11:26:12","guid":{"rendered":"http:\/\/szmat.sk\/arms\/szak-es-munkabizottsagok\/"},"modified":"2014-04-22T13:26:12","modified_gmt":"2014-04-22T11:26:12","slug":"odborne-oddelenia","status":"publish","type":"page","link":"https:\/\/szmat.sk\/sk\/arms\/odborne-oddelenia\/","title":{"rendered":"Szakoszt\u00e1lyok"},"content":{"rendered":"<p><span style=\"color: #808000\"><strong>I. Nyelv- \u00e9s Irodalomtudom\u00e1nyok<\/strong><\/span><\/p>\n<p>Csehy Zolt\u00e1n,\u00a0Van\u010do Ildik\u00f3<\/p>\n<p><span style=\"color: #808000\"><strong>\u00a0<\/strong><strong>II. Filoz\u00f3fiai \u00e9s T\u00f6rt\u00e9nettudom\u00e1nyok<\/strong><\/span><\/p>\n<p>Simon Attila,\u00a0M\u00e9sz\u00e1ros Andr\u00e1s<\/p>\n<p><span style=\"color: #808000\"><strong>\u00a0<\/strong><strong>III. Matematikai Tudom\u00e1nyok<\/strong><\/span><\/p>\n<p>T\u00f3th J\u00e1nos,\u00a0Bukor J\u00f3zsef<\/p>\n<p><span style=\"color: #808000\"><strong>\u00a0<\/strong><strong>IV. Agr\u00e1rtudom\u00e1nyok<\/strong><\/span><\/p>\n<p>Feh\u00e9r S\u00e1ndor<\/p>\n<p><strong>\u00a0<\/strong><span style=\"color: #808000\"><strong>V. Orvosi Tudom\u00e1nyok<\/strong><\/span><\/p>\n<p>Kov\u00e1cs L\u00e1szl\u00f3, R\u00e1cz Oliv\u00e9r<\/p>\n<p><span style=\"color: #808000\"><strong>VI. M\u0171szaki Tudom\u00e1nyok<\/strong><\/span><\/p>\n<p>Hulk\u00f3 G\u00e1bor, Madar\u00e1sz L\u00e1szl\u00f3<\/p>\n<p><span style=\"color: #808000\"><strong>VII. K\u00e9miai Tudom\u00e1nyok<\/strong><\/span> <strong>\u00a0<\/strong><\/p>\n<p>Fl\u00f3ri\u00e1n K\u00e1roly<\/p>\n<p><span style=\"color: #808000\"><strong>\u00a0<\/strong><strong>VIII. Biol\u00f3giai Tudom\u00e1nyok<\/strong><\/span><\/p>\n<p>Nagy Melinda<\/p>\n<p><span style=\"color: #808000\"><strong>\u00a0<\/strong><strong>IX. Gazdas\u00e1g- \u00e9s Jogtudom\u00e1nyok<\/strong><\/span><\/p>\n<p>Gyurgy\u00edk L\u00e1szl\u00f3<\/p>\n<p><span style=\"color: #808000\"><strong>X. F\u00f6ldtudom\u00e1nyok\u00a0<\/strong><\/span><\/p>\n<p>Mikl\u00f3s L\u00e1szl\u00f3<\/p>\n<p><span style=\"color: #808000\"><strong>\u00a0<\/strong><\/span><strong><span style=\"color: #808000\">XI. Fizikai Tudom\u00e1nyok<\/span>\u00a0<\/strong><\/p>\n<p>Szab\u00f3 P\u00e1l<\/p>\n","protected":false},"excerpt":{"rendered":"<p>I. Nyelv- \u00e9s Irodalomtudom\u00e1nyok Csehy Zolt\u00e1n,\u00a0Van\u010do Ildik\u00f3 \u00a0II. Filoz\u00f3fiai \u00e9s T\u00f6rt\u00e9nettudom\u00e1nyok Simon Attila,\u00a0M\u00e9sz\u00e1ros Andr\u00e1s \u00a0III. Matematikai Tudom\u00e1nyok T\u00f3th J\u00e1nos,\u00a0Bukor J\u00f3zsef \u00a0IV. Agr\u00e1rtudom\u00e1nyok Feh\u00e9r S\u00e1ndor \u00a0V. Orvosi Tudom\u00e1nyok Kov\u00e1cs L\u00e1szl\u00f3, R\u00e1cz Oliv\u00e9r VI. M\u0171szaki Tudom\u00e1nyok Hulk\u00f3 G\u00e1bor, Madar\u00e1sz L\u00e1szl\u00f3 VII. K\u00e9miai Tudom\u00e1nyok \u00a0 Fl\u00f3ri\u00e1n K\u00e1roly \u00a0VIII. Biol\u00f3giai Tudom\u00e1nyok Nagy Melinda \u00a0IX. Gazdas\u00e1g- \u00e9s Jogtudom\u00e1nyok Gyurgy\u00edk L\u00e1szl\u00f3&#8230; <\/p>\n<div class=\"clear\"><\/div>\n<p><a href=\"https:\/\/szmat.sk\/sk\/arms\/odborne-oddelenia\/\" class=\"excerpt-read-more newsstand-button\">Read More<\/a><\/p>\n","protected":false},"author":1,"featured_media":0,"parent":273,"menu_order":0,"comment_status":"open","ping_status":"open","template":"","meta":{"footnotes":""},"class_list":["post-280","page","type-page","status-publish","hentry"],"_links":{"self":[{"href":"https:\/\/szmat.sk\/sk\/wp-json\/wp\/v2\/pages\/280","targetHints":{"allow":["GET"]}}],"collection":[{"href":"https:\/\/szmat.sk\/sk\/wp-json\/wp\/v2\/pages"}],"about":[{"href":"https:\/\/szmat.sk\/sk\/wp-json\/wp\/v2\/types\/page"}],"author":[{"embeddable":true,"href":"https:\/\/szmat.sk\/sk\/wp-json\/wp\/v2\/users\/1"}],"replies":[{"embeddable":true,"href":"https:\/\/szmat.sk\/sk\/wp-json\/wp\/v2\/comments?post=280"}],"version-history":[{"count":1,"href":"https:\/\/szmat.sk\/sk\/wp-json\/wp\/v2\/pages\/280\/revisions"}],"predecessor-version":[{"id":281,"href":"https:\/\/szmat.sk\/sk\/wp-json\/wp\/v2\/pages\/280\/revisions\/281"}],"up":[{"embeddable":true,"href":"https:\/\/szmat.sk\/sk\/wp-json\/wp\/v2\/pages\/273"}],"wp:attachment":[{"href":"https:\/\/szmat.sk\/sk\/wp-json\/wp\/v2\/media?parent=280"}],"curies":[{"name":"wp","href":"https:\/\/api.w.org\/{rel}","templated":true}]}}