{"id":274,"date":"2014-04-22T13:25:58","date_gmt":"2014-04-22T11:25:58","guid":{"rendered":"http:\/\/szmat.sk\/arms\/a-szmat-vezetosege\/"},"modified":"2015-07-15T12:00:18","modified_gmt":"2015-07-15T10:00:18","slug":"vedenie-arms","status":"publish","type":"page","link":"https:\/\/szmat.sk\/sk\/arms\/vedenie-arms\/","title":{"rendered":"Vedenie ARMS"},"content":{"rendered":"<table width=\"100%\">\n<tbody>\n<tr>\n<th width=\"50%\">\u010cESTN\u00dd PREDSEDA<\/th>\n<th width=\"50%\">PREDSEDA<\/th>\n<\/tr>\n<tr>\n<td><img loading=\"lazy\" decoding=\"async\" class=\"wp-image-84\" src=\"http:\/\/szmat.sk\/wp-content\/uploads\/2014\/04\/Bauer_Gyozo.png\" alt=\"Bauer Gy\u0151z\u0151\" width=\"150\" height=\"181\" \/><\/td>\n<td><img loading=\"lazy\" decoding=\"async\" class=\"wp-image-85\" src=\"http:\/\/szmat.sk\/wp-content\/uploads\/2014\/04\/Dusza_Janos.png\" alt=\"Dusza J\u00e1nos\" width=\"150\" height=\"174\" \/><\/td>\n<\/tr>\n<tr>\n<td><strong>Gy\u0151z\u0151 Bauer<\/strong><\/td>\n<td><strong>J\u00e1nos Dusza<\/strong><\/td>\n<\/tr>\n<\/tbody>\n<\/table>\n<table width=\"100%\">\n<tbody>\n<tr>\n<th>PODPREDSEDOVIA<\/th>\n<\/tr>\n<tr>\n<td><img loading=\"lazy\" decoding=\"async\" class=\"wp-image-86\" src=\"http:\/\/szmat.sk\/wp-content\/uploads\/2014\/04\/Kovacs_Laszlo.jpg\" alt=\"Kov\u00e1cs L\u00e1szl\u00f3\" width=\"150\" height=\"161\" \/><\/td>\n<td><img loading=\"lazy\" decoding=\"async\" class=\"wp-image-87\" src=\"http:\/\/szmat.sk\/wp-content\/uploads\/2014\/04\/Meszaros_Andras.jpg\" alt=\"M\u00e9sz\u00e1ros Andr\u00e1s\" width=\"136\" height=\"170\" \/><\/td>\n<\/tr>\n<tr>\n<td><strong>L\u00e1szl\u00f3 Kov\u00e1cs<\/strong><\/td>\n<td><b>Andr\u00e1s M\u00e9sz\u00e1ros<\/b><\/td>\n<\/tr>\n<\/tbody>\n<\/table>\n<dl id=\"attachment_84\" class=\"wp-caption alignnone\" style=\"width: 162px;\">\n<dt class=\"wp-caption-dt\"><\/dt>\n<\/dl>\n<table width=\"100%\">\n<tbody>\n<tr>\n<th width=\"50%\">TAJOMN\u00cd\u010cKA<\/th>\n<th width=\"50%\">ZA SPR\u00c1VCOVSK\u00da ORGANIZ\u00c1CIU:<\/th>\n<\/tr>\n<tr>\n<td><img loading=\"lazy\" decoding=\"async\" class=\"wp-image-88\" src=\"http:\/\/szmat.sk\/wp-content\/uploads\/2014\/04\/Vanco_Ildiko.jpg\" alt=\"Van\u010don\u00e9 Kremmer Ildik\u00f3\" width=\"150\" height=\"185\" \/><\/td>\n<td><img loading=\"lazy\" decoding=\"async\" class=\"wp-image-91\" src=\"http:\/\/szmat.sk\/wp-content\/uploads\/2014\/04\/Simon_Attila-235x300.jpg\" alt=\"Simon Attila, a F\u00f3rum Kisebbs\u00e9gkutat\u00f3 Int\u00e9zet igazgat\u00f3ja\" width=\"150\" height=\"192\" \/><\/td>\n<\/tr>\n<tr>\n<td><strong>Ildik\u00f3 Van\u010dov\u00e1 Kremmer<\/strong><\/td>\n<td><strong>Attila Simon,<br \/>\n<\/strong><strong>riadite\u013e F\u00f3rum in\u0161tit\u00fatu pre v\u00fdskum men\u0161\u00edn<\/strong><\/td>\n<\/tr>\n<\/tbody>\n<\/table>\n","protected":false},"excerpt":{"rendered":"<p>\u010cESTN\u00dd PREDSEDA PREDSEDA Gy\u0151z\u0151 Bauer J\u00e1nos Dusza PODPREDSEDOVIA L\u00e1szl\u00f3 Kov\u00e1cs Andr\u00e1s M\u00e9sz\u00e1ros TAJOMN\u00cd\u010cKA ZA SPR\u00c1VCOVSK\u00da ORGANIZ\u00c1CIU: Ildik\u00f3 Van\u010dov\u00e1 Kremmer Attila Simon, riadite\u013e F\u00f3rum in\u0161tit\u00fatu pre v\u00fdskum men\u0161\u00edn<\/p>\n","protected":false},"author":1,"featured_media":0,"parent":273,"menu_order":0,"comment_status":"open","ping_status":"open","template":"","meta":{"footnotes":""},"class_list":["post-274","page","type-page","status-publish","hentry"],"_links":{"self":[{"href":"https:\/\/szmat.sk\/sk\/wp-json\/wp\/v2\/pages\/274","targetHints":{"allow":["GET"]}}],"collection":[{"href":"https:\/\/szmat.sk\/sk\/wp-json\/wp\/v2\/pages"}],"about":[{"href":"https:\/\/szmat.sk\/sk\/wp-json\/wp\/v2\/types\/page"}],"author":[{"embeddable":true,"href":"https:\/\/szmat.sk\/sk\/wp-json\/wp\/v2\/users\/1"}],"replies":[{"embeddable":true,"href":"https:\/\/szmat.sk\/sk\/wp-json\/wp\/v2\/comments?post=274"}],"version-history":[{"count":1,"href":"https:\/\/szmat.sk\/sk\/wp-json\/wp\/v2\/pages\/274\/revisions"}],"predecessor-version":[{"id":275,"href":"https:\/\/szmat.sk\/sk\/wp-json\/wp\/v2\/pages\/274\/revisions\/275"}],"up":[{"embeddable":true,"href":"https:\/\/szmat.sk\/sk\/wp-json\/wp\/v2\/pages\/273"}],"wp:attachment":[{"href":"https:\/\/szmat.sk\/sk\/wp-json\/wp\/v2\/media?parent=274"}],"curies":[{"name":"wp","href":"https:\/\/api.w.org\/{rel}","templated":true}]}}