{"id":273,"date":"2014-04-22T13:25:16","date_gmt":"2014-04-22T11:25:16","guid":{"rendered":"http:\/\/szmat.sk\/szmat-2\/"},"modified":"2015-07-15T11:58:29","modified_gmt":"2015-07-15T09:58:29","slug":"arms","status":"publish","type":"page","link":"https:\/\/szmat.sk\/sk\/arms\/","title":{"rendered":"ARMS"},"content":{"rendered":"<p>Ma\u010farsk\u00e1 akad\u00e9mia vied (MTA) z\u00a0radov svojich riadnych \u010dlenov zo Slovenska zalo\u017eila Akademick\u00fa radu Ma\u010farov na Slovensku.<br \/>\nRiadnymi \u010dlenmi MTA zo Slovenska v\u00a0po\u010dte viac ako 170 akademikov bola ned\u00e1vno zvolen\u00e1 rada pozost\u00e1vaj\u00faca z 13 + 3 \u010dlenov. Na z\u00e1klade hlasovania pod\u013ea 13 hlavn\u00fdch vedeck\u00fdch oblast\u00ed sa stali \u010dlenmi Akademickej rady 13 akademici a\u00a0\u010fal\u0161\u00ed traja extern\u00ed \u010dlenovia MTA zo Slovenska sa stali \u010dlenmi Akademickej rady bez hlasovania.<\/p>\n<p>Novozalo\u017een\u00e1 Akademick\u00e1 rada mala zasadnutie v\u00a0s\u00eddle F\u00f3rum in\u0161tit\u00fatu pre v\u00fdskum men\u0161\u00edn v \u0160amor\u00edne 9. marca 2013 a\u00a0tajn\u00fdm hlasovan\u00edm si zvolila predsedu a\u00a0podpredsedov. Rokovanie otvoril riadite\u013e F\u00f3rum in\u0161tit\u00fatu K\u00e1roly T\u00f3th a\u00a0moderoval akademik K\u00e1roly Kocsis, predseda V\u00fdboru predsedov MTA pre ma\u010farsk\u00fa vedu v\u00a0zahrani\u010d\u00ed.<\/p>\n<p>\u010cestn\u00fdm predsedom Akademickej rady sa stal Viktor Bauer, extern\u00fd \u010dlen MTA, predsedom J\u00e1nos Dusza, extern\u00fd \u010dlen MTA, a\u00a0funkciu podpredsedov bud\u00fa vykon\u00e1va\u0165 v\u00a0nasledovnom trojro\u010dnom obdob\u00ed L\u00e1szl\u00f3 Kov\u00e1cs a Andr\u00e1s M\u00e9sz\u00e1ros, extern\u00ed \u010dlenovia snemu MTA.<\/p>\n<p>Zasadnutia sa z\u00fa\u010dastnili aj z\u00e1stupcovia z\u00a0Region\u00e1lneho v\u00fdboru MTA v\u00a0Mi\u0161kovci a vo Veszpr\u00e9me (Ma\u010farsko), v\u00a0Klu\u017ei (Rumunsko) a\u00a0Ma\u010farskej akademickej rady vo Vojvodine (Srbsko).<\/p>\n<p>Zvolen\u00fdmi \u010dlenmi 16-\u010dlennej rady s\u00fa:<\/p>\n<p>Extern\u00ed \u010dlenovia MTA:<\/p>\n<p>&#8211; Viktor Bauer<br \/>\nSlovensk\u00e1 akad\u00e9mia vied, \u00dastav experiment\u00e1lnej farmakol\u00f3gie a toxikol\u00f3gie<br \/>\n&#8211; J\u00e1nos Dusza<br \/>\nSlovensk\u00e1 akad\u00e9mia vied, \u00dastav materi\u00e1lneho v\u00fdskumu<br \/>\n&#8211; G\u00e1bor Hulk\u00f3<br \/>\nSlovensk\u00e1 technick\u00e1 univerzita, Strojn\u00edcka fakulta<\/p>\n<p>Extern\u00ed \u010dlenovia snemu MTA:<\/p>\n<p>&#8211; Benyovszky Kriszti\u00e1n<br \/>\nUniverzita Kon\u0161tant\u00edna Filozofa, Fakulta stredoeur\u00f3pskych \u0161t\u00fadi\u00ed<br \/>\n&#8211; Gy\u00f6rgy Bukoveczky<br \/>\nSlovensk\u00e1 technick\u00e1 univerzita, Strojn\u00edcka fakulta<br \/>\n&#8211; P\u00e1l \u00c9leszt\u0151s<br \/>\nSlovensk\u00e1 technick\u00e1 univerzita, Strojn\u00edcka fakulta<br \/>\n&#8211; L\u00e1szl\u00f3 Gyurgy\u00edk<br \/>\nUniverzita J\u00e1nosa Selyeho, Pedagogick\u00e1 fakulta<br \/>\n&#8211; Husz\u00e1r J\u00f3zsef<br \/>\nUniverzita J\u00e1nosa Selyeho<br \/>\n&#8211; Attila Komzs\u00edk<br \/>\nUniverzita Kon\u0161tant\u00edna Filozofa, Fakulta stredoeur\u00f3pskych \u0161t\u00fadi\u00ed<br \/>\n&#8211; L\u00e1szl\u00f3 Kov\u00e1cs<br \/>\nUniverzita Komensk\u00e9ho v Bratislave, Lek\u00e1rska fakulta<br \/>\n&#8211; Andr\u00e1s M\u00e9sz\u00e1ros<br \/>\nUniverzita Komensk\u00e9ho v Bratislave, Filozofick\u00e1 fakulta<br \/>\nUniverzita Kon\u0161tant\u00edna Filozofa, Fakulta stredoeur\u00f3pskych \u0161t\u00fadi\u00ed<br \/>\n&#8211; L\u00e1szl\u00f3 Mikl\u00f3s<br \/>\nTechnick\u00e1 univerzita vo Zvolene, Fakulta ekol\u00f3gie a environmentalistiky<br \/>\n&#8211; Attila Simon<br \/>\nUniverzita J\u00e1nosa Selyeho, Pedagogick\u00e1 fakulta, F\u00f3rum in\u0161tit\u00fat pre v\u00fdskum men\u0161\u00edn<br \/>\n&#8211; J\u00e1nos T\u00f3th<br \/>\nUniverzita J\u00e1nosa Selyeho, Ekonomick\u00e1 fakulta<br \/>\n&#8211; Ildik\u00f3 Van\u010dov\u00e1 Kremmer<br \/>\nUniverzita Kon\u0161tant\u00edna Filozofa, Fakulta stredoeur\u00f3pskych \u0161t\u00fadi\u00ed<br \/>\n&#8211; D\u00e1niel V\u00e9gh<br \/>\nSlovensk\u00e1 technick\u00e1 univerzita, Fakulta chemickej a\u00a0potravin\u00e1rskej technol\u00f3gie<\/p>\n","protected":false},"excerpt":{"rendered":"<p>Ma\u010farsk\u00e1 akad\u00e9mia vied (MTA) z\u00a0radov svojich riadnych \u010dlenov zo Slovenska zalo\u017eila Akademick\u00fa radu Ma\u010farov na Slovensku. Riadnymi \u010dlenmi MTA zo Slovenska v\u00a0po\u010dte viac ako 170 akademikov bola ned\u00e1vno zvolen\u00e1 rada pozost\u00e1vaj\u00faca z 13 + 3 \u010dlenov. Na z\u00e1klade hlasovania pod\u013ea 13 hlavn\u00fdch vedeck\u00fdch oblast\u00ed sa stali \u010dlenmi Akademickej rady 13 akademici a\u00a0\u010fal\u0161\u00ed traja extern\u00ed \u010dlenovia&#8230; <\/p>\n<div class=\"clear\"><\/div>\n<p><a href=\"https:\/\/szmat.sk\/sk\/arms\/\" class=\"excerpt-read-more newsstand-button\">Read More<\/a><\/p>\n","protected":false},"author":1,"featured_media":0,"parent":0,"menu_order":0,"comment_status":"open","ping_status":"open","template":"","meta":{"footnotes":""},"class_list":["post-273","page","type-page","status-publish","hentry"],"_links":{"self":[{"href":"https:\/\/szmat.sk\/sk\/wp-json\/wp\/v2\/pages\/273","targetHints":{"allow":["GET"]}}],"collection":[{"href":"https:\/\/szmat.sk\/sk\/wp-json\/wp\/v2\/pages"}],"about":[{"href":"https:\/\/szmat.sk\/sk\/wp-json\/wp\/v2\/types\/page"}],"author":[{"embeddable":true,"href":"https:\/\/szmat.sk\/sk\/wp-json\/wp\/v2\/users\/1"}],"replies":[{"embeddable":true,"href":"https:\/\/szmat.sk\/sk\/wp-json\/wp\/v2\/comments?post=273"}],"version-history":[{"count":1,"href":"https:\/\/szmat.sk\/sk\/wp-json\/wp\/v2\/pages\/273\/revisions"}],"predecessor-version":[{"id":283,"href":"https:\/\/szmat.sk\/sk\/wp-json\/wp\/v2\/pages\/273\/revisions\/283"}],"wp:attachment":[{"href":"https:\/\/szmat.sk\/sk\/wp-json\/wp\/v2\/media?parent=273"}],"curies":[{"name":"wp","href":"https:\/\/api.w.org\/{rel}","templated":true}]}}