{"id":269,"date":"2014-04-22T13:24:50","date_gmt":"2014-04-22T11:24:50","guid":{"rendered":"http:\/\/szmat.sk\/az-mta-2\/"},"modified":"2015-07-15T11:58:04","modified_gmt":"2015-07-15T09:58:04","slug":"o-nas","status":"publish","type":"page","link":"https:\/\/szmat.sk\/sk\/o-nas\/","title":{"rendered":"O n\u00e1s"},"content":{"rendered":"<p><strong>Vitajte na webovej str\u00e1nke Akademickej rady Ma\u010farov na Slovensku<\/strong><\/p>\n<p><em>Akademick\u00e1 rada Ma\u010farov na Slovensku je neziskov\u00e1 organiz\u00e1cia zalo\u017een\u00e1 na neur\u010dit\u00fa dobu s\u00a0cie\u013eom rozvoja ma\u010farskej vedy a\u00a0umenia na Slovensku.<\/em><\/p>\n<p><strong>Hlavn\u00e9 ciele organiz\u00e1cie<\/strong><\/p>\n<ul>\n<li>Podpora a\u00a0reprezent\u00e1cia vedeck\u00fdch a\u00a0umeleck\u00fdch aktiv\u00edt Ma\u010farov na Slovensku a\u00a0roz\u0161irovanie dosiahnut\u00fdch v\u00fdsledkov;<\/li>\n<li>zapojenie Ma\u010farov na Slovensku do vedeck\u00e9ho \u017eivota na Slovensku a\u00a0v\u00a0regi\u00f3ne;<\/li>\n<li>spolupr\u00e1ca s\u00a0vedeck\u00fdmi organiz\u00e1ciami na Slovensku a\u00a0v\u00a0regi\u00f3ne;<\/li>\n<li>podpora vedeckej \u010dinnosti ma\u010farskej ml\u00e1de\u017ee na Slovensku;<\/li>\n<li>organizovanie vedeck\u00fdch stretnut\u00ed, symp\u00f3zi\u00ed, rokovan\u00ed, \u0161kolen\u00ed, dieln\u00ed, konferenci\u00ed a\u00a0predn\u00e1\u0161ok;<\/li>\n<li>vyd\u00e1vanie tla\u010den\u00fdch a\u00a0elektronick\u00fdch publik\u00e1ci\u00ed s\u00favisiacich s\u00a0\u010dinnos\u0165ou organiz\u00e1cie.<\/li>\n<\/ul>\n","protected":false},"excerpt":{"rendered":"<p>Vitajte na webovej str\u00e1nke Akademickej rady Ma\u010farov na Slovensku Akademick\u00e1 rada Ma\u010farov na Slovensku je neziskov\u00e1 organiz\u00e1cia zalo\u017een\u00e1 na neur\u010dit\u00fa dobu s\u00a0cie\u013eom rozvoja ma\u010farskej vedy a\u00a0umenia na Slovensku. Hlavn\u00e9 ciele organiz\u00e1cie Podpora a\u00a0reprezent\u00e1cia vedeck\u00fdch a\u00a0umeleck\u00fdch aktiv\u00edt Ma\u010farov na Slovensku a\u00a0roz\u0161irovanie dosiahnut\u00fdch v\u00fdsledkov; zapojenie Ma\u010farov na Slovensku do vedeck\u00e9ho \u017eivota na Slovensku a\u00a0v\u00a0regi\u00f3ne; spolupr\u00e1ca s\u00a0vedeck\u00fdmi organiz\u00e1ciami&#8230; <\/p>\n<div class=\"clear\"><\/div>\n<p><a href=\"https:\/\/szmat.sk\/sk\/o-nas\/\" class=\"excerpt-read-more newsstand-button\">Read More<\/a><\/p>\n","protected":false},"author":1,"featured_media":0,"parent":0,"menu_order":0,"comment_status":"open","ping_status":"open","template":"","meta":{"footnotes":""},"class_list":["post-269","page","type-page","status-publish","hentry"],"_links":{"self":[{"href":"https:\/\/szmat.sk\/sk\/wp-json\/wp\/v2\/pages\/269","targetHints":{"allow":["GET"]}}],"collection":[{"href":"https:\/\/szmat.sk\/sk\/wp-json\/wp\/v2\/pages"}],"about":[{"href":"https:\/\/szmat.sk\/sk\/wp-json\/wp\/v2\/types\/page"}],"author":[{"embeddable":true,"href":"https:\/\/szmat.sk\/sk\/wp-json\/wp\/v2\/users\/1"}],"replies":[{"embeddable":true,"href":"https:\/\/szmat.sk\/sk\/wp-json\/wp\/v2\/comments?post=269"}],"version-history":[{"count":1,"href":"https:\/\/szmat.sk\/sk\/wp-json\/wp\/v2\/pages\/269\/revisions"}],"predecessor-version":[{"id":270,"href":"https:\/\/szmat.sk\/sk\/wp-json\/wp\/v2\/pages\/269\/revisions\/270"}],"wp:attachment":[{"href":"https:\/\/szmat.sk\/sk\/wp-json\/wp\/v2\/media?parent=269"}],"curies":[{"name":"wp","href":"https:\/\/api.w.org\/{rel}","templated":true}]}}