{"id":263,"date":"2014-04-22T13:26:49","date_gmt":"2014-04-22T11:26:49","guid":{"rendered":"http:\/\/szmat.sk\/konferenciak-2\/"},"modified":"2015-07-15T12:02:55","modified_gmt":"2015-07-15T10:02:55","slug":"spravy-a-udalosti","status":"publish","type":"page","link":"https:\/\/szmat.sk\/sk\/spravy-a-udalosti\/","title":{"rendered":"Spr\u00e1vy a udalosti"},"content":{"rendered":"<h2><span style=\"color: #808000;\">Uk\u00e1za\u0165 na\u0161e v\u00fdsledky<\/span><\/h2>\n<p>Tieto slov\u00e1 mohli by\u0165 heslom valn\u00e9ho zhroma\u017edenia a\u00a0konferencie Akademickej rady Ma\u010farov na Slovensku uskuto\u010dnenej 12. decembra 2014 v\u00a0\u0161amor\u00ednskom s\u00eddle F\u00f3rum in\u0161tit\u00fatu pre v\u00fdskum men\u0161\u00edn.<\/p>\n<p>Ako to vyplynulo zo spr\u00e1v ved\u00facich jednotliv\u00fdch odborn\u00fdch \u00fatvarov, vedeck\u00e1 obec Ma\u010farov na Slovensku sa m\u00f4\u017ee p\u00fd\u0161i\u0165 \u00factihodn\u00fdmi v\u00fdkonmi doma i\u00a0v\u00a0zahrani\u010d\u00ed. Jeden\u00e1s\u0165 \u00fatvarov Rady tvor\u00ed viac ako 180 vedcov a\u00a0v\u00fdskumn\u00edkov, ktor\u00ed s\u00fa z\u00e1rove\u0148 aj extern\u00fdmi \u010dlenmi Ma\u010farskej akad\u00e9mie vied (MTA). Zo strany vedeck\u00fdch \u00fatvarov na valnom zhroma\u017eden\u00ed vyst\u00fapili s\u00a0obsa\u017en\u00fdmi spr\u00e1vami o\u00a0\u010dinnosti, publik\u00e1ci\u00e1ch a\u00a0vedeck\u00fdch v\u00fdsledkoch jednotliv\u00fdch v\u00fdskumn\u00edkov <strong>Zolt\u00e1n Csehy, Ildik\u00f3 Van\u010dov\u00e1 Kremmer, Attila Simon, Andr\u00e1s M\u00e9sz\u00e1ros, S\u00e1ndor Feh\u00e9r, Gy\u0151z\u0151 Bauer, G\u00e1bor Hulk\u00f3, Melinda Nagy,\u00a0L\u00e1szl\u00f3 Mikl\u00f3s<\/strong>\u00a0(poslal p\u00edsomn\u00fa spr\u00e1vu),\u00a0<strong>J\u00f3zsef Bukor,<\/strong>\u00a0<strong>P\u00e1l Szab\u00f3<\/strong>\u00a0a <strong>J\u00e1nos Dusza<\/strong>.<br \/>\nARMS bola zalo\u017een\u00e1 v\u00a0minulom roku. O\u00a0\u010dinnosti Rady v\u00a0roku 2014 podal spr\u00e1vu jej predseda\u00a0<strong>J\u00e1nos Dusza. <\/strong>Zo strany MTA vyst\u00fapil s\u00a0uv\u00edtac\u00edm pr\u00edhovorom <strong>K\u00e1roly Kocsis<\/strong>, predseda V\u00fdboru prezidenta MTA pre ma\u010farsk\u00fa vedu v\u00a0zahrani\u010d\u00ed, ktor\u00fd zd\u00f4raznil v\u00fdznam ARMS pri organizovan\u00ed vedy Ma\u010farov na Slovensku.\u00a0Ma\u010farsk\u00e1 akad\u00e9mia vied m\u00e1 oblastn\u00fd v\u00fdbor v Klu\u017ei (Rumunsko) a\u00a0akademick\u00fa radu vo Vojvodine (Srbsko) a na Slovensku. ARMS bude priebe\u017ene informova\u0165 o\u00a0svojej \u010dinnosti na webovej str\u00e1nke <a href=\"http:\/\/szmat.sk\/\">www.new.szmat.sk<\/a>.<\/p>\n<p>&nbsp;<\/p>\n<ul id=\"__attachments-view-204\" class=\"attachments ui-sortable\">\n<li class=\"attachment save-ready\" style=\"color: #464646;\">\n<div class=\"attachment-preview type-image subtype-jpeg landscape\">\n<div class=\"thumbnail\">\n<div class=\"centered\">\n<div style=\"width: 310px\" class=\"wp-caption alignnone\"><img loading=\"lazy\" decoding=\"async\" src=\"http:\/\/szmat.sk\/wp-content\/uploads\/2014\/04\/DSC_0018-300x200.jpg\" alt=\"\" width=\"300\" height=\"200\" \/><p class=\"wp-caption-text\">\u00da\u010dastn\u00edci valn\u00e9ho zhroma\u017edenia<\/p><\/div>\n<\/div>\n<\/div>\n<\/div>\n<\/li>\n<li class=\"attachment save-ready\" style=\"color: #464646;\">\n<div class=\"attachment-preview type-image subtype-jpeg landscape\">\n<div class=\"thumbnail\">\n<div class=\"centered\">\n<div style=\"width: 310px\" class=\"wp-caption alignnone\"><img loading=\"lazy\" decoding=\"async\" src=\"http:\/\/szmat.sk\/wp-content\/uploads\/2014\/04\/DSC_0004-300x200.jpg\" alt=\"\" width=\"300\" height=\"200\" \/><p class=\"wp-caption-text\">Attila Simon<\/p><\/div>\n<\/div>\n<\/div>\n<\/div>\n<\/li>\n<li class=\"attachment save-ready\" style=\"color: #464646;\">\n<div class=\"attachment-preview type-image subtype-jpeg landscape\">\n<div class=\"thumbnail\">\n<div class=\"centered\">\n<div style=\"width: 310px\" class=\"wp-caption alignnone\"><img loading=\"lazy\" decoding=\"async\" src=\"http:\/\/szmat.sk\/wp-content\/uploads\/2014\/04\/DSC_0024-300x200.jpg\" alt=\"\" width=\"300\" height=\"200\" \/><p class=\"wp-caption-text\">J\u00e1nos Dusza<\/p><\/div>\n<\/div>\n<\/div>\n<\/div>\n<\/li>\n<li class=\"attachment save-ready\" style=\"color: #464646;\">\n<div class=\"attachment-preview type-image subtype-jpeg portrait\">\n<div class=\"thumbnail\">\n<div class=\"centered\">\n<div style=\"width: 210px\" class=\"wp-caption alignnone\"><img loading=\"lazy\" decoding=\"async\" src=\"http:\/\/szmat.sk\/wp-content\/uploads\/2014\/04\/DSC_0016-200x300.jpg\" alt=\"\" width=\"200\" height=\"300\" \/><p class=\"wp-caption-text\">K\u00e1roly Kocsis<\/p><\/div>\n<\/div>\n<\/div>\n<\/div>\n<\/li>\n<li class=\"attachment save-ready\" style=\"color: #464646;\">\n<div class=\"attachment-preview type-image subtype-jpeg landscape\">\n<div class=\"thumbnail\">\n<div class=\"centered\">\n<div style=\"width: 310px\" class=\"wp-caption alignnone\"><img loading=\"lazy\" decoding=\"async\" src=\"http:\/\/szmat.sk\/wp-content\/uploads\/2014\/04\/DSC_0010-300x200.jpg\" alt=\"\" width=\"300\" height=\"200\" \/><p class=\"wp-caption-text\">Ildik\u00f3 Van\u010dov\u00e1 Kremmer<\/p><\/div>\n<\/div>\n<\/div>\n<\/div>\n<\/li>\n<li class=\"attachment save-ready\" style=\"color: #464646;\">\n<div class=\"attachment-preview type-image subtype-jpeg landscape\">\n<div class=\"thumbnail\">\n<div class=\"centered\">\n<div style=\"width: 310px\" class=\"wp-caption alignnone\"><img loading=\"lazy\" decoding=\"async\" src=\"http:\/\/szmat.sk\/wp-content\/uploads\/2014\/04\/DSC_0035-300x200.jpg\" alt=\"\" width=\"300\" height=\"200\" \/><p class=\"wp-caption-text\">Zolt\u00e1n Csehy<\/p><\/div>\n<\/div>\n<\/div>\n<\/div>\n<\/li>\n<li class=\"attachment save-ready\" style=\"color: #464646;\">\n<div class=\"attachment-preview type-image subtype-jpeg landscape\">\n<div class=\"thumbnail\">\n<div class=\"centered\">\n<div style=\"width: 310px\" class=\"wp-caption alignnone\"><img loading=\"lazy\" decoding=\"async\" src=\"http:\/\/szmat.sk\/wp-content\/uploads\/2014\/04\/DSC_0050-300x200.jpg\" alt=\"\" width=\"300\" height=\"200\" \/><p class=\"wp-caption-text\">Andr\u00e1s M\u00e9sz\u00e1ros<\/p><\/div>\n<\/div>\n<\/div>\n<\/div>\n<\/li>\n<li class=\"attachment save-ready\" style=\"color: #464646;\">\n<div class=\"attachment-preview type-image subtype-jpeg landscape\">\n<div class=\"thumbnail\">\n<div class=\"centered\">\n<div style=\"width: 310px\" class=\"wp-caption alignnone\"><img loading=\"lazy\" decoding=\"async\" src=\"http:\/\/szmat.sk\/wp-content\/uploads\/2014\/04\/DSC_0058-300x200.jpg\" alt=\"\" width=\"300\" height=\"200\" \/><p class=\"wp-caption-text\">J\u00f3zsef Bukor<\/p><\/div>\n<\/div>\n<\/div>\n<\/div>\n<\/li>\n<li class=\"attachment save-ready\" style=\"color: #464646;\">\n<div class=\"attachment-preview type-image subtype-jpeg landscape\">\n<div class=\"thumbnail\">\n<div class=\"centered\">\n<div style=\"width: 310px\" class=\"wp-caption alignnone\"><img loading=\"lazy\" decoding=\"async\" src=\"http:\/\/szmat.sk\/wp-content\/uploads\/2014\/04\/DSC_0065-300x200.jpg\" alt=\"\" width=\"300\" height=\"200\" \/><p class=\"wp-caption-text\">Ildik\u00f3 Bajcsi<\/p><\/div>\n<\/div>\n<\/div>\n<\/div>\n<\/li>\n<li class=\"attachment save-ready\" style=\"color: #464646;\">\n<div class=\"attachment-preview type-image subtype-jpeg portrait\">\n<div class=\"thumbnail\">\n<div class=\"centered\">\n<div style=\"width: 210px\" class=\"wp-caption alignnone\"><img loading=\"lazy\" decoding=\"async\" src=\"http:\/\/szmat.sk\/wp-content\/uploads\/2014\/04\/DSC_0070-200x300.jpg\" alt=\"\" width=\"200\" height=\"300\" \/><p class=\"wp-caption-text\">S\u00e1ndor Feh\u00e9r<\/p><\/div>\n<\/div>\n<\/div>\n<\/div>\n<\/li>\n<li class=\"attachment save-ready\" style=\"color: #464646;\">\n<div class=\"attachment-preview type-image subtype-jpeg portrait\">\n<div class=\"thumbnail\">\n<div class=\"centered\">\n<div style=\"width: 210px\" class=\"wp-caption alignnone\"><img loading=\"lazy\" decoding=\"async\" src=\"http:\/\/szmat.sk\/wp-content\/uploads\/2014\/04\/DSC_0075-200x300.jpg\" alt=\"\" width=\"200\" height=\"300\" \/><p class=\"wp-caption-text\">Viktor Bauer<\/p><\/div>\n<\/div>\n<\/div>\n<\/div>\n<\/li>\n<li class=\"attachment save-ready\" style=\"color: #464646;\">\n<div class=\"attachment-preview type-image subtype-jpeg landscape\">\n<div class=\"thumbnail\">\n<div class=\"centered\">\n<div style=\"width: 310px\" class=\"wp-caption alignnone\"><img loading=\"lazy\" decoding=\"async\" src=\"http:\/\/szmat.sk\/wp-content\/uploads\/2014\/04\/DSC_0080-300x200.jpg\" alt=\"\" width=\"300\" height=\"200\" \/><p class=\"wp-caption-text\">G\u00e1bor Hulk\u00f3<\/p><\/div>\n<\/div>\n<\/div>\n<\/div>\n<\/li>\n<li class=\"attachment save-ready\" style=\"color: #464646;\">\n<div class=\"attachment-preview type-image subtype-jpeg landscape\">\n<div class=\"thumbnail\">\n<div class=\"centered\">\n<div style=\"width: 310px\" class=\"wp-caption alignnone\"><img loading=\"lazy\" decoding=\"async\" src=\"http:\/\/szmat.sk\/wp-content\/uploads\/2014\/04\/DSC_0086-300x200.jpg\" alt=\"\" width=\"300\" height=\"200\" \/><p class=\"wp-caption-text\">Melinda Nagy<\/p><\/div>\n<\/div>\n<\/div>\n<\/div>\n<\/li>\n<li class=\"attachment save-ready\" style=\"color: #464646;\">\n<div class=\"attachment-preview type-image subtype-jpeg landscape\">\n<div class=\"thumbnail\">\n<div class=\"centered\">\n<div style=\"width: 310px\" class=\"wp-caption alignnone\"><img loading=\"lazy\" decoding=\"async\" src=\"http:\/\/szmat.sk\/wp-content\/uploads\/2014\/04\/DSC_0092-300x200.jpg\" alt=\"\" width=\"300\" height=\"200\" \/><p class=\"wp-caption-text\">P\u00e1l Szab\u00f3<\/p><\/div>\n<\/div>\n<\/div>\n<\/div>\n<\/li>\n<li class=\"attachment save-ready\" style=\"color: #464646;\">\n<div class=\"attachment-preview type-image subtype-jpeg landscape\">\n<div class=\"thumbnail\">\n<div class=\"centered\">\n<div style=\"width: 310px\" class=\"wp-caption alignnone\"><img loading=\"lazy\" decoding=\"async\" src=\"http:\/\/szmat.sk\/wp-content\/uploads\/2014\/04\/DSC_00291-300x200.jpg\" alt=\"\" width=\"300\" height=\"200\" \/><p class=\"wp-caption-text\">\u00da\u010dastn\u00edci valn\u00e9ho zhroma\u017edenia<\/p><\/div>\n<\/div>\n<\/div>\n<\/div>\n<\/li>\n<\/ul>\n<div class=\"media-sidebar\"><\/div>\n<p>&nbsp;<\/p>\n<p>&nbsp;<\/p>\n<h2><span style=\"color: #808000;\">Tudom\u00e1nyos tartalmak a digit\u00e1lis t\u00e9rben<\/span><\/h2>\n<p>A F\u00f3rum Kisebbs\u00e9gkutat\u00f3 Int\u00e9zet<em> Tudom\u00e1nyos tartalmak a digit\u00e1lis t\u00e9rben<\/em> c\u00edmmel tartott bemutatkoz\u00f3estet a kom\u00e1romi egyetemist\u00e1knak \u00a02014. november 11-\u00e9n a Selye J\u00e1nos Egyetemen. A rendezv\u00e9nyen <strong>Simon Attila<\/strong> igazgat\u00f3 a kutat\u00f3int\u00e9zet k\u00fcldet\u00e9s\u00e9t \u00e9s szervezeti fel\u00e9p\u00edt\u00e9s\u00e9t ismertette, <strong>Konkoly L\u00e1szl\u00f3<\/strong> az FKI honlapj\u00e1nak digit\u00e1lis tartalmait mutatta be, <strong>Roncz Melinda<\/strong> a honlapr\u00f3l el\u00e9rhet\u0151 k\u00f6nyvt\u00e1ri adatb\u00e1zist \u00e9s a Bibliotheca Hungarica tev\u00e9kenys\u00e9g\u00e9t hozta az \u00e9rdekl\u0151d\u0151k sz\u00e1m\u00e1ra k\u00f6zelebb, <strong>Csanda G\u00e1bor<\/strong> a F\u00f3rum T\u00e1rsadalomtudom\u00e1nyi Szeml\u00e9r\u0151l \u00e9s az int\u00e9zet k\u00f6nyveir\u0151l besz\u00e9lt. A rendezv\u00e9nyre, melyen mintegy hatvan \u00e9rdekl\u0151d\u0151 sely\u00e9s egyetemista vett r\u00e9szt, a Magyar Tudom\u00e1ny \u00dcnnepe sorozat r\u00e9szek\u00e9nt ker\u00fclt sor.<\/p>\n\r\n\t\t<style type='text\/css'>\r\n\t\t\t#gallery-1 {\r\n\t\t\t\tmargin: auto;\r\n\t\t\t}\r\n\t\t\t#gallery-1 .gallery-item {\r\n\t\t\t\tfloat: left;\r\n\t\t\t\tmargin-top: 10px;\r\n\t\t\t\ttext-align: center;\r\n\t\t\t\twidth: 33%;\r\n\t\t\t}\r\n\t\t\t#gallery-1 img {\r\n\t\t\t\tborder-width: 1px; border-style: solid;\r\n\t\t\t}\r\n\t\t\t#gallery-1 .gallery-caption {\r\n\t\t\t\tmargin-left: 0;\r\n\t\t\t}\r\n\t\t<\/style>\r\n\t\t<!-- see gallery_shortcode() in wp-includes\/media.php -->\n\t\t<div id='gallery-1' class='gallery galleryid-263 gallery-columns-3 gallery-size-thumbnail gallery1'><script type=\"text\/javascript\">\r\n\/\/ <![CDATA[\r\n\tjQuery(document).ready(function () {\r\n\t\tjQuery(\".gallery1 a\").attr(\"rel\",\"gallery1\");\t\r\n\t\tjQuery('a[rel=\"gallery1\"]').colorbox({maxWidth:\"95%\", maxHeight:\"95%\",title: function(){ return jQuery(this).children().attr(\"alt\"); }, });\r\n\t});\r\n\/\/ ]]>\r\n<\/script>\n<dl class=\"gallery-item\">\n<dt class=\"gallery-icon\">\r\n<a href=\"https:\/\/szmat.sk\/wp-content\/uploads\/2014\/04\/Forum_Selye1.jpg\" title=\"Simon Attila \u00e9s Roncz Melinda\" rel=\"gallery1\"><img loading=\"lazy\" decoding=\"async\" src=\"https:\/\/szmat.sk\/wp-content\/uploads\/2014\/04\/Forum_Selye1.jpg\" width=\"150\" height=\"150\" alt=\"Simon Attila \u00e9s Roncz Melinda\" \/><\/a>\r\n<\/dt><dd class=\"gallery-caption\" id=\"caption1688\"><span class=\"imagecaption\">Simon Attila \u00e9s Roncz Melinda<\/span><br \/>\n<\/dd><\/dl><dl class=\"gallery-item\">\n<dt class=\"gallery-icon\">\r\n<a href=\"https:\/\/szmat.sk\/wp-content\/uploads\/2014\/04\/Forum_Selye2.jpg\" title=\"R\u00e9sztvev\u0151k\" rel=\"gallery1\"><img loading=\"lazy\" decoding=\"async\" src=\"https:\/\/szmat.sk\/wp-content\/uploads\/2014\/04\/Forum_Selye2.jpg\" width=\"150\" height=\"150\" alt=\"R\u00e9sztvev\u0151k\" \/><\/a>\r\n<\/dt><dd class=\"gallery-caption\" id=\"caption1690\"><span class=\"imagecaption\">R\u00e9sztvev\u0151k<\/span><br \/>\n<\/dd><\/dl>\r\n\t\t\t<br style='clear: both' \/>\r\n\t\t<\/div>\n\n<p>&nbsp;<\/p>\n<h2><span style=\"color: #808000;\"><strong>Di\u00e1kk\u00f6ri Konferencia<\/strong><\/span><\/h2>\n<p>VIII. Felvid\u00e9ki Tudom\u00e1nyos Di\u00e1kk\u00f6ri Konferencia (Nyitra) szakmai t\u00e1mogat\u00e1sa, szak\u00e9rt\u0151i h\u00e1l\u00f3zat ki\u00e9p\u00edt\u00e9s\u00e9ben val\u00f3 seg\u00edts\u00e9g.<\/p>\n<h2><span style=\"color: #808000;\"><strong>Elismer\u00e9s<\/strong><\/span><\/h2>\n<p><strong>Kov\u00e1cs L\u00e1szl\u00f3<\/strong> orvosprofesszor, <strong>Madar\u00e1sz L\u00e1szl\u00f3<\/strong>, professzor\u00a0\u00e9s <strong>T\u00f3th K\u00e1roly<\/strong>, a F\u00f3rum Kisebbs\u00e9gkutat\u00f3 Int\u00e9zet igazgat\u00f3ja a hazai magyar tudom\u00e1nyoss\u00e1g \u00e9rdek\u00e9ben v\u00e9gzett munk\u00e1j\u00e1nak elismer\u00e9sek\u00e9nt a Magyar \u00c9rdemrend tisztikeresztje \u00e1llami kit\u00fcntet\u00e9sben r\u00e9szes\u00fclt.<\/p>\n<h2><span style=\"color: #808000;\"><strong>El\u0151ad\u00e1ssorozat<\/strong><\/span><\/h2>\n<p>A Magyar Tudom\u00e1ny \u00dcnnepe (2013) alkalm\u00e1b\u00f3l <strong>Bauer Gy\u0151z\u0151, Dusza J\u00e1nos, Hulk\u00f3 G\u00e1bor, Fl\u00f3ri\u00e1n K\u00e1roly<\/strong> el\u0151ad\u00e1ssorozata a Selye J\u00e1nos Egyetemen.<\/p>\n<h2><span style=\"color: #808000;\"><strong>A Szlov\u00e1kiai Magyar Akad\u00e9miai Tan\u00e1cs els\u0151 k\u00f6zgy\u0171l\u00e9se<\/strong><\/span><\/h2>\n<p>2013. november 11-\u00e9n tartotta els\u0151 k\u00f6zgy\u0171l\u00e9s\u00e9t Somorj\u00e1n a F\u00f3rum Kisebbs\u00e9gkutat\u00f3 Int\u00e9zet sz\u00e9kh\u00e1z\u00e1ban a\u00a0Szlov\u00e1kiai Magyar Akad\u00e9miai Tan\u00e1cs.\u00a0Megv\u00e1lasztotta a v\u00e1lasztm\u00e1ny\u00e1t, vezet\u0151s\u00e9g\u00e9t \u00e9s az egyes szakoszt\u00e1lyok\u00a0vezet\u0151it.<\/p>\n\r\n\t\t<style type='text\/css'>\r\n\t\t\t#gallery-2 {\r\n\t\t\t\tmargin: auto;\r\n\t\t\t}\r\n\t\t\t#gallery-2 .gallery-item {\r\n\t\t\t\tfloat: left;\r\n\t\t\t\tmargin-top: 10px;\r\n\t\t\t\ttext-align: center;\r\n\t\t\t\twidth: 50%;\r\n\t\t\t}\r\n\t\t\t#gallery-2 img {\r\n\t\t\t\tborder-width: 1px; border-style: solid;\r\n\t\t\t}\r\n\t\t\t#gallery-2 .gallery-caption {\r\n\t\t\t\tmargin-left: 0;\r\n\t\t\t}\r\n\t\t<\/style>\r\n\t\t<!-- see gallery_shortcode() in wp-includes\/media.php -->\n\t\t<div id='gallery-2' class='gallery galleryid-263 gallery-columns-2 gallery-size-thumbnail gallery1'><script type=\"text\/javascript\">\r\n\/\/ <![CDATA[\r\n\tjQuery(document).ready(function () {\r\n\t\tjQuery(\".gallery1 a\").attr(\"rel\",\"gallery1\");\t\r\n\t\tjQuery('a[rel=\"gallery1\"]').colorbox({maxWidth:\"95%\", maxHeight:\"95%\",title: function(){ return jQuery(this).children().attr(\"alt\"); }, });\r\n\t});\r\n\/\/ ]]>\r\n<\/script>\n<dl class=\"gallery-item\">\n<dt class=\"gallery-icon\">\r\n<a href=\"https:\/\/szmat.sk\/wp-content\/uploads\/2014\/04\/F0443-10-DS-SO-2013-11-08-XXX1-1024x685.jpg\" title=\"A K\u00f6zgy\u0171l\u00e9s r\u00e9sztvev\u0151i\" rel=\"gallery1\"><img loading=\"lazy\" decoding=\"async\" src=\"https:\/\/szmat.sk\/wp-content\/uploads\/2014\/04\/F0443-10-DS-SO-2013-11-08-XXX1-150x150.jpg\" width=\"150\" height=\"150\" alt=\"A K\u00f6zgy\u0171l\u00e9s r\u00e9sztvev\u0151i\" \/><\/a>\r\n<\/dt><dd class=\"gallery-caption\" id=\"caption1672\"><span class=\"imagecaption\">A K\u00f6zgy\u0171l\u00e9s r\u00e9sztvev\u0151i<\/span><br \/>\n<\/dd><\/dl><dl class=\"gallery-item\">\n<dt class=\"gallery-icon\">\r\n<a href=\"https:\/\/szmat.sk\/wp-content\/uploads\/2014\/04\/F0443-12-DS-SO-2013-11-08-XXX1-1024x685.jpg\" title=\"Dusza J\u00e1nos, eln\u00f6k\" rel=\"gallery1\"><img loading=\"lazy\" decoding=\"async\" src=\"https:\/\/szmat.sk\/wp-content\/uploads\/2014\/04\/F0443-12-DS-SO-2013-11-08-XXX1-150x150.jpg\" width=\"150\" height=\"150\" alt=\"Dusza J\u00e1nos, eln\u00f6k\" \/><\/a>\r\n<\/dt><dd class=\"gallery-caption\" id=\"caption1676\"><span class=\"imagecaption\">Dusza J\u00e1nos, eln\u00f6k<\/span><br \/>\n<\/dd><\/dl><br style=\"clear: both\" \/><dl class=\"gallery-item\">\n<dt class=\"gallery-icon\">\r\n<a href=\"https:\/\/szmat.sk\/wp-content\/uploads\/2014\/04\/F0443-07-DS-SO-2013-11-08-XXX1-1024x685.jpg\" title=\"Van\u010don\u00e9 Kremmer Ildik\u00f3 \u00e9s Dusza J\u00e1nos\" rel=\"gallery1\"><img loading=\"lazy\" decoding=\"async\" src=\"https:\/\/szmat.sk\/wp-content\/uploads\/2014\/04\/F0443-07-DS-SO-2013-11-08-XXX1-150x150.jpg\" width=\"150\" height=\"150\" alt=\"Van\u010don\u00e9 Kremmer Ildik\u00f3 \u00e9s Dusza J\u00e1nos\" \/><\/a>\r\n<\/dt><dd class=\"gallery-caption\" id=\"caption1668\"><span class=\"imagecaption\">Van\u010don\u00e9 Kremmer Ildik\u00f3 \u00e9s Dusza J\u00e1nos<\/span><br \/>\n<\/dd><\/dl><dl class=\"gallery-item\">\n<dt class=\"gallery-icon\">\r\n<a href=\"https:\/\/szmat.sk\/wp-content\/uploads\/2014\/04\/F0443-09-DS-SO-2013-11-08-XXX-1024x685.jpg\" title=\"R\u00e9sztvev\u0151k\" rel=\"gallery1\"><img loading=\"lazy\" decoding=\"async\" src=\"https:\/\/szmat.sk\/wp-content\/uploads\/2014\/04\/F0443-09-DS-SO-2013-11-08-XXX-150x150.jpg\" width=\"150\" height=\"150\" alt=\"R\u00e9sztvev\u0151k\" \/><\/a>\r\n<\/dt><dd class=\"gallery-caption\" id=\"caption1648\"><span class=\"imagecaption\">R\u00e9sztvev\u0151k<\/span><br \/>\n<\/dd><\/dl><br style=\"clear: both\" \/>\r\n\t\t<\/div>\n\n<p>&nbsp;<\/p>\n<p>&nbsp;<\/p>\n<p>&nbsp;<\/p>\n","protected":false},"excerpt":{"rendered":"<p>Uk\u00e1za\u0165 na\u0161e v\u00fdsledky Tieto slov\u00e1 mohli by\u0165 heslom valn\u00e9ho zhroma\u017edenia a\u00a0konferencie Akademickej rady Ma\u010farov na Slovensku uskuto\u010dnenej 12. decembra 2014 v\u00a0\u0161amor\u00ednskom s\u00eddle F\u00f3rum in\u0161tit\u00fatu pre v\u00fdskum men\u0161\u00edn. Ako to vyplynulo zo spr\u00e1v ved\u00facich jednotliv\u00fdch odborn\u00fdch \u00fatvarov, vedeck\u00e1 obec Ma\u010farov na Slovensku sa m\u00f4\u017ee p\u00fd\u0161i\u0165 \u00factihodn\u00fdmi v\u00fdkonmi doma i\u00a0v\u00a0zahrani\u010d\u00ed. Jeden\u00e1s\u0165 \u00fatvarov Rady tvor\u00ed viac ako 180&#8230; <\/p>\n<div class=\"clear\"><\/div>\n<p><a href=\"https:\/\/szmat.sk\/sk\/spravy-a-udalosti\/\" class=\"excerpt-read-more newsstand-button\">Read More<\/a><\/p>\n","protected":false},"author":1,"featured_media":0,"parent":0,"menu_order":0,"comment_status":"open","ping_status":"open","template":"","meta":{"footnotes":""},"class_list":["post-263","page","type-page","status-publish","hentry"],"_links":{"self":[{"href":"https:\/\/szmat.sk\/sk\/wp-json\/wp\/v2\/pages\/263","targetHints":{"allow":["GET"]}}],"collection":[{"href":"https:\/\/szmat.sk\/sk\/wp-json\/wp\/v2\/pages"}],"about":[{"href":"https:\/\/szmat.sk\/sk\/wp-json\/wp\/v2\/types\/page"}],"author":[{"embeddable":true,"href":"https:\/\/szmat.sk\/sk\/wp-json\/wp\/v2\/users\/1"}],"replies":[{"embeddable":true,"href":"https:\/\/szmat.sk\/sk\/wp-json\/wp\/v2\/comments?post=263"}],"version-history":[{"count":1,"href":"https:\/\/szmat.sk\/sk\/wp-json\/wp\/v2\/pages\/263\/revisions"}],"predecessor-version":[{"id":268,"href":"https:\/\/szmat.sk\/sk\/wp-json\/wp\/v2\/pages\/263\/revisions\/268"}],"wp:attachment":[{"href":"https:\/\/szmat.sk\/sk\/wp-json\/wp\/v2\/media?parent=263"}],"curies":[{"name":"wp","href":"https:\/\/api.w.org\/{rel}","templated":true}]}}