{"id":858,"date":"2019-02-15T19:03:34","date_gmt":"2019-02-15T18:03:34","guid":{"rendered":"http:\/\/szmat.sk\/?page_id=858"},"modified":"2019-02-15T19:09:44","modified_gmt":"2019-02-15T18:09:44","slug":"contact","status":"publish","type":"page","link":"https:\/\/szmat.sk\/en\/contact\/","title":{"rendered":"Contacts"},"content":{"rendered":"<p><strong>Hungarian Academic Council of Slovakia<\/strong><\/p>\n<p>(Szlov\u00e1kiai Magyar Akad\u00e9miai Tan\u00e1cs)<\/p>\n<p>Parkov\u00e1 ulica 4.<\/p>\n<p>931 01 \u0160amor\u00edn<\/p>\n<p>&nbsp;<\/p>\n<p><strong>Andr\u00e1s M\u00e9sz\u00e1ros, President\u00a0 (tel.: 0904 637 849, mail:<\/strong> <a href=\"mailto:duszaj@yahoo.com\">bandimeszaros@azet.sk<\/a>)<\/p>\n<p><strong>Melinda Nagy, Secretariate (mail: <\/strong><a href=\"szmat.nagymelinda@gmail.com\">szmat.nagymelinda@gmail.com<\/a>)<\/p>\n","protected":false},"excerpt":{"rendered":"<p>Hungarian Academic Council of Slovakia (Szlov\u00e1kiai Magyar Akad\u00e9miai Tan\u00e1cs) Parkov\u00e1 ulica 4. 931 01 \u0160amor\u00edn &nbsp; Andr\u00e1s M\u00e9sz\u00e1ros, President\u00a0 (tel.: 0904 637 849, mail: bandimeszaros@azet.sk) Melinda Nagy, Secretariate (mail: szmat.nagymelinda@gmail.com)<\/p>\n","protected":false},"author":2,"featured_media":0,"parent":0,"menu_order":0,"comment_status":"closed","ping_status":"closed","template":"","meta":{"footnotes":""},"class_list":["post-858","page","type-page","status-publish","hentry"],"_links":{"self":[{"href":"https:\/\/szmat.sk\/en\/wp-json\/wp\/v2\/pages\/858","targetHints":{"allow":["GET"]}}],"collection":[{"href":"https:\/\/szmat.sk\/en\/wp-json\/wp\/v2\/pages"}],"about":[{"href":"https:\/\/szmat.sk\/en\/wp-json\/wp\/v2\/types\/page"}],"author":[{"embeddable":true,"href":"https:\/\/szmat.sk\/en\/wp-json\/wp\/v2\/users\/2"}],"replies":[{"embeddable":true,"href":"https:\/\/szmat.sk\/en\/wp-json\/wp\/v2\/comments?post=858"}],"version-history":[{"count":2,"href":"https:\/\/szmat.sk\/en\/wp-json\/wp\/v2\/pages\/858\/revisions"}],"predecessor-version":[{"id":865,"href":"https:\/\/szmat.sk\/en\/wp-json\/wp\/v2\/pages\/858\/revisions\/865"}],"wp:attachment":[{"href":"https:\/\/szmat.sk\/en\/wp-json\/wp\/v2\/media?parent=858"}],"curies":[{"name":"wp","href":"https:\/\/api.w.org\/{rel}","templated":true}]}}