{"id":345,"date":"2014-04-22T13:25:34","date_gmt":"2014-04-22T11:25:34","guid":{"rendered":"http:\/\/szmat.sk\/hacs\/mta-szlovakiai-kulso-tagjai\/"},"modified":"2015-07-15T12:26:56","modified_gmt":"2015-07-15T10:26:56","slug":"external-members-of-the-has-in-slovakia","status":"publish","type":"page","link":"https:\/\/szmat.sk\/en\/hacs\/external-members-of-the-has-in-slovakia\/","title":{"rendered":"External members of the HAS in Slovakia"},"content":{"rendered":"<table class=\"members\" style=\"color: #474747;\" border=\"0\" cellspacing=\"2\" cellpadding=\"0\">\n<tbody>\n<tr>\n<td class=\"member\" style=\"color: #454444;\">\n<div class=\"header\">\n<div class=\"name\" style=\"color: #424242; text-align: center;\"><a style=\"color: #424242;\" href=\"http:\/\/mta.hu\/koztestuleti_tagok?PersonId=18893\" target=\"_self\">Gy\u0151z\u0151 Bauer<\/a><\/div>\n<div class=\"type\" style=\"color: #870802; text-align: center;\">external member<\/div>\n<\/div>\n<div class=\"middle\"><a style=\"color: #991417;\" href=\"http:\/\/mta.hu\/koztestuleti_tagok?PersonId=18893\" target=\"_self\"><img loading=\"lazy\" decoding=\"async\" class=\"aligncenter\" title=\"Bauer Gy\u0151z\u0151\" src=\"https:\/\/aat.mta.hu\/aat\/FileData\/Get\/519\" alt=\"Bauer Gy\u0151z\u0151\" width=\"163\" height=\"216\" border=\"0\" \/><\/a><\/p>\n<div class=\"low\" style=\"color: #424242; text-align: center;\">smooth muscles, autonomic nervous system, and the pharmacology of free radicals<\/div>\n<\/div>\n<div class=\"section\" style=\"color: #870802; text-align: center;\">Section of Medical Sciences<\/div>\n<\/td>\n<td class=\"member\" style=\"color: #454444;\">\n<div class=\"header\">\n<div class=\"name\" style=\"color: #424242; text-align: center;\"><a style=\"color: #424242;\" href=\"http:\/\/mta.hu\/koztestuleti_tagok?PersonId=19630\" target=\"_self\">J\u00e1nos Dusza<\/a><\/div>\n<div class=\"type\" style=\"color: #870802; text-align: center;\">external member<\/div>\n<\/div>\n<div class=\"middle\"><a style=\"color: #991417;\" href=\"http:\/\/mta.hu\/koztestuleti_tagok?PersonId=19630\"><img loading=\"lazy\" decoding=\"async\" class=\"aligncenter\" title=\"Dusza J\u00e1nos\" src=\"https:\/\/aat.mta.hu\/aat\/FileData\/Get\/1043\" alt=\"Dusza J\u00e1nos\" width=\"150\" height=\"198\" border=\"0\" \/><\/a><\/p>\n<div class=\"low\" style=\"color: #424242; text-align: center;\">materials science, modern ceramics<\/div>\n<\/div>\n<div class=\"section\" style=\"color: #870802; text-align: center;\">Section of Engineering Sciences<\/div>\n<\/td>\n<td class=\"member\" style=\"color: #454444;\">\n<div class=\"header\">\n<div class=\"name\" style=\"color: #424242; text-align: center;\"><a style=\"color: #424242;\" href=\"http:\/\/mta.hu\/koztestuleti_tagok?PersonId=19756\" target=\"_self\">K\u00e1roly Fl\u00f3ri\u00e1n<\/a><\/div>\n<div class=\"type\" style=\"color: #870802; text-align: center;\">external member<\/div>\n<\/div>\n<div class=\"middle\"><a style=\"color: #991417;\" href=\"http:\/\/mta.hu\/koztestuleti_tagok?PersonId=19756\" target=\"_self\"><img loading=\"lazy\" decoding=\"async\" class=\"aligncenter\" title=\"Fl\u00f3ri\u00e1n K\u00e1roly\" src=\"https:\/\/aat.mta.hu\/aat\/FileData\/Get\/2982\" alt=\"Fl\u00f3ri\u00e1n K\u00e1roly\" width=\"161\" height=\"214\" border=\"0\" \/><\/a><\/p>\n<div class=\"low\" style=\"color: #424242; text-align: center;\">analytical chemistry, spectrochemistry, chemometrics<\/div>\n<\/div>\n<div class=\"section\" style=\"color: #870802; text-align: center;\">Section of Earth Sciences<\/div>\n<\/td>\n<\/tr>\n<tr>\n<td class=\"member\" style=\"color: #454444;\">\n<div class=\"header\">\n<div class=\"name\" style=\"color: #424242; text-align: center;\"><a style=\"color: #424242;\" href=\"http:\/\/mta.hu\/koztestuleti_tagok?PersonId=19631\" target=\"_self\">G\u00e1bor Hulk\u00f3<\/a><\/div>\n<div class=\"type\" style=\"color: #870802; text-align: center;\">external member<\/div>\n<\/div>\n<div class=\"middle\"><a style=\"color: #991417;\" href=\"http:\/\/mta.hu\/koztestuleti_tagok?PersonId=19631\" target=\"_self\"><img loading=\"lazy\" decoding=\"async\" class=\"aligncenter\" title=\"Hulk\u00f3 G\u00e1bor\" src=\"https:\/\/aat.mta.hu\/aat\/FileData\/Get\/1044\" alt=\"Hulk\u00f3 G\u00e1bor\" width=\"159\" height=\"210\" border=\"0\" \/><\/a><\/p>\n<div class=\"low\" style=\"color: #424242; text-align: center;\">system and control theory<\/div>\n<\/div>\n<div class=\"section\" style=\"color: #870802; text-align: center;\">Section of Engineering Sciences<\/div>\n<\/td>\n<\/tr>\n<\/tbody>\n<\/table>\n","protected":false},"excerpt":{"rendered":"<p>Gy\u0151z\u0151 Bauer external member smooth muscles, autonomic nervous system, and the pharmacology of free radicals Section of Medical Sciences J\u00e1nos Dusza external member materials science, modern ceramics Section of Engineering Sciences K\u00e1roly Fl\u00f3ri\u00e1n external member analytical chemistry, spectrochemistry, chemometrics Section of Earth Sciences G\u00e1bor Hulk\u00f3 external member system and control theory Section of Engineering Sciences<\/p>\n","protected":false},"author":1,"featured_media":0,"parent":336,"menu_order":0,"comment_status":"open","ping_status":"open","template":"","meta":{"footnotes":""},"class_list":["post-345","page","type-page","status-publish","hentry"],"_links":{"self":[{"href":"https:\/\/szmat.sk\/en\/wp-json\/wp\/v2\/pages\/345","targetHints":{"allow":["GET"]}}],"collection":[{"href":"https:\/\/szmat.sk\/en\/wp-json\/wp\/v2\/pages"}],"about":[{"href":"https:\/\/szmat.sk\/en\/wp-json\/wp\/v2\/types\/page"}],"author":[{"embeddable":true,"href":"https:\/\/szmat.sk\/en\/wp-json\/wp\/v2\/users\/1"}],"replies":[{"embeddable":true,"href":"https:\/\/szmat.sk\/en\/wp-json\/wp\/v2\/comments?post=345"}],"version-history":[{"count":1,"href":"https:\/\/szmat.sk\/en\/wp-json\/wp\/v2\/pages\/345\/revisions"}],"predecessor-version":[{"id":346,"href":"https:\/\/szmat.sk\/en\/wp-json\/wp\/v2\/pages\/345\/revisions\/346"}],"up":[{"embeddable":true,"href":"https:\/\/szmat.sk\/en\/wp-json\/wp\/v2\/pages\/336"}],"wp:attachment":[{"href":"https:\/\/szmat.sk\/en\/wp-json\/wp\/v2\/media?parent=345"}],"curies":[{"name":"wp","href":"https:\/\/api.w.org\/{rel}","templated":true}]}}