{"id":343,"date":"2014-04-22T13:26:12","date_gmt":"2014-04-22T11:26:12","guid":{"rendered":"http:\/\/szmat.sk\/hacs\/szak-es-munkabizottsagok\/"},"modified":"2015-07-15T12:27:08","modified_gmt":"2015-07-15T10:27:08","slug":"sections","status":"publish","type":"page","link":"https:\/\/szmat.sk\/en\/hacs\/sections\/","title":{"rendered":"Sections"},"content":{"rendered":"<p><span style=\"color: #808000;\"><strong>I. Linguistics and Literature<\/strong><\/span><\/p>\n<p>Zolt\u00e1n Csehy,\u00a0Ildik\u00f3 Van\u010do<\/p>\n<p><span style=\"color: #808000;\"><strong>\u00a0<\/strong><strong>II. Philosophy and History<\/strong><\/span><\/p>\n<p>Attila Simon,\u00a0Andr\u00e1s M\u00e9sz\u00e1ros<\/p>\n<p><span style=\"color: #808000;\"><strong>\u00a0<\/strong><strong>III. Mathematics<\/strong><\/span><\/p>\n<p>J\u00e1nos T\u00f3th,\u00a0J\u00f3zsef Bukor<\/p>\n<p><span style=\"color: #808000;\"><strong>\u00a0<\/strong><strong>IV. Agricultural Sciences<\/strong><\/span><\/p>\n<p>S\u00e1ndor Feh\u00e9r<\/p>\n<p><strong>\u00a0<\/strong><span style=\"color: #808000;\"><strong>V. Medical Sciences<\/strong><\/span><\/p>\n<p>L\u00e1szl\u00f3 Kov\u00e1cs, Oliv\u00e9rR\u00e1cz<\/p>\n<p><span style=\"color: #808000;\"><strong>VI. Technical Sciences<\/strong><\/span><\/p>\n<p>G\u00e1bor Hulk\u00f3, L\u00e1szl\u00f3 Madar\u00e1sz<\/p>\n<p><span style=\"color: #808000;\"><strong>VII. Chemical Sciences<\/strong><\/span>\u00a0<strong>\u00a0<\/strong><\/p>\n<p>K\u00e1roly Fl\u00f3ri\u00e1n<\/p>\n<p><span style=\"color: #808000;\"><strong>\u00a0<\/strong><strong>VIII. Biological Sciences<\/strong><\/span><\/p>\n<p>Melinda Nagy<\/p>\n<p><span style=\"color: #808000;\"><strong>\u00a0<\/strong><strong>IX. Economic and Legal Sciences<\/strong><\/span><\/p>\n<p>L\u00e1szl\u00f3 Gyurgy\u00edk<\/p>\n<p><span style=\"color: #808000;\"><strong>X. Earth Sciences\u00a0<\/strong><\/span><\/p>\n<p>L\u00e1szl\u00f3 Mikl\u00f3s<\/p>\n<p><span style=\"color: #808000;\"><strong>\u00a0<\/strong><\/span><strong><span style=\"color: #808000;\">XI. Physical\u00a0Sciences<\/span>\u00a0<\/strong><\/p>\n<p>P\u00e1l Szab\u00f3<\/p>\n","protected":false},"excerpt":{"rendered":"<p>I. Linguistics and Literature Zolt\u00e1n Csehy,\u00a0Ildik\u00f3 Van\u010do \u00a0II. Philosophy and History Attila Simon,\u00a0Andr\u00e1s M\u00e9sz\u00e1ros \u00a0III. Mathematics J\u00e1nos T\u00f3th,\u00a0J\u00f3zsef Bukor \u00a0IV. Agricultural Sciences S\u00e1ndor Feh\u00e9r \u00a0V. Medical Sciences L\u00e1szl\u00f3 Kov\u00e1cs, Oliv\u00e9rR\u00e1cz VI. Technical Sciences G\u00e1bor Hulk\u00f3, L\u00e1szl\u00f3 Madar\u00e1sz VII. Chemical Sciences\u00a0\u00a0 K\u00e1roly Fl\u00f3ri\u00e1n \u00a0VIII. Biological Sciences Melinda Nagy \u00a0IX. Economic and Legal Sciences L\u00e1szl\u00f3 Gyurgy\u00edk X&#8230;. <\/p>\n<div class=\"clear\"><\/div>\n<p><a href=\"https:\/\/szmat.sk\/en\/hacs\/sections\/\" class=\"excerpt-read-more newsstand-button\">Read More<\/a><\/p>\n","protected":false},"author":1,"featured_media":0,"parent":336,"menu_order":0,"comment_status":"open","ping_status":"open","template":"","meta":{"footnotes":""},"class_list":["post-343","page","type-page","status-publish","hentry"],"_links":{"self":[{"href":"https:\/\/szmat.sk\/en\/wp-json\/wp\/v2\/pages\/343","targetHints":{"allow":["GET"]}}],"collection":[{"href":"https:\/\/szmat.sk\/en\/wp-json\/wp\/v2\/pages"}],"about":[{"href":"https:\/\/szmat.sk\/en\/wp-json\/wp\/v2\/types\/page"}],"author":[{"embeddable":true,"href":"https:\/\/szmat.sk\/en\/wp-json\/wp\/v2\/users\/1"}],"replies":[{"embeddable":true,"href":"https:\/\/szmat.sk\/en\/wp-json\/wp\/v2\/comments?post=343"}],"version-history":[{"count":1,"href":"https:\/\/szmat.sk\/en\/wp-json\/wp\/v2\/pages\/343\/revisions"}],"predecessor-version":[{"id":344,"href":"https:\/\/szmat.sk\/en\/wp-json\/wp\/v2\/pages\/343\/revisions\/344"}],"up":[{"embeddable":true,"href":"https:\/\/szmat.sk\/en\/wp-json\/wp\/v2\/pages\/336"}],"wp:attachment":[{"href":"https:\/\/szmat.sk\/en\/wp-json\/wp\/v2\/media?parent=343"}],"curies":[{"name":"wp","href":"https:\/\/api.w.org\/{rel}","templated":true}]}}