{"id":341,"date":"2014-04-25T15:05:29","date_gmt":"2014-04-25T13:05:29","guid":{"rendered":"http:\/\/szmat.sk\/hacs\/alapszabaly\/"},"modified":"2015-07-06T00:51:25","modified_gmt":"2015-07-05T22:51:25","slug":"statutes","status":"publish","type":"page","link":"https:\/\/szmat.sk\/en\/hacs\/statutes\/","title":{"rendered":"Statutes"},"content":{"rendered":"<h2 style=\"text-align: center\"><span style=\"color: #808000\"><strong style=\"line-height: 1.714285714;font-size: 1rem\">STATUTES OF THE HUNGARIAN ACADEMIC COUNCIL OF SLOVAKIA<\/strong><\/span><\/h2>\n<p align=\"center\"><strong>I.\u00a0THE REALIZATION OF GOALS<\/strong><\/p>\n<p align=\"center\">Passage 1<\/p>\n<p>The HUNGARIAN ACADEMIC COUNCIL OF SLOVAKIA (henceforth: the Association) is a nongovernmental organization which has been formed for an undefined length of time in order to support and develop science, scholarship and arts by Hungarians in Slovakia.<\/p>\n<p align=\"center\"><strong>II. THE GOALS OF THE ASSOCIATION<\/strong><\/p>\n<p align=\"center\">Passage 2<\/p>\n<p>The basic goals of the association:<\/p>\n<ul>\n<li>to support, represent, and help disseminate the results of science, scholarship and arts by Hungarians in Slovakia;<\/li>\n<li>to integrate Slovakia Hungarians in the academic life of Slovakia and the region;<\/li>\n<li>to co-operate with academic organizations in Slovakia and the region;<\/li>\n<li>to support the work of young Hungarian scientists and scholars in Slovakia;<\/li>\n<li>to organize scientific and scholarly meetings, symposia, courses, workshops, conferences, and lectures;<\/li>\n<li>to publish materials of the Association in printed and electronic formats.<\/li>\n<\/ul>\n<p align=\"center\"><strong>III.\u00a0NAME AND LEGAL ADDRESS<\/strong><\/p>\n<p align=\"center\">Passage 3<\/p>\n<p>The name of the Association in the state language: Akademick\u00e1 Rada Ma\u010farov na Slovensku<\/p>\n<p>The name of the Association in Hungarian: Szlov\u00e1kiai Magyar Akad\u00e9miai Tan\u00e1cs<\/p>\n<p>The abbreviated name of the Association in the state language: AKRAM<\/p>\n<p>The abbreviated name of the Association in Hungarian: SZMAT<\/p>\n<p>The legal address of the Association: Park utca 4., 931 01 Somorja, Szlov\u00e1k K\u00f6zt\u00e1rsas\u00e1g,<br \/>\nParkov\u00e1 4, 931 01 \u0160amor\u00edn, Slovensk\u00e1 Republika<\/p>\n<p>The Association carries out its activities on the territory of the Slovak Republic.<\/p>\n<p align=\"center\"><strong>IV. CONDITIONS OF MEMBERSHIP<\/strong><span style=\"line-height: 1.714285714;font-size: 1rem\">\u00a0<\/span><\/p>\n<p align=\"center\">Passage 4<\/p>\n<p>The external members of the public body of the Hungarian Academy of Sciences (HAS) who are citizens of Slovakia are also members of the Association.<\/p>\n<p>In addition, any natural person can become a member of the Association who is a citizen of the Slovak Republic, holds an academic degree, is of Hungarian nationality, speaks the Hungarian language, or does research on a Hungarian topic. Any natural person can become an honorary member of the Association who has made a significant contribution to the development of Hungarian science, scholarship or arts in Slovakia through their work and accepts the Statutes of the Association.<\/p>\n<p><em>8 November, 2013<\/em><\/p>\n<p><em>\u0160amor\u00edn, Forum Minority Research Institute \u00a0<\/em><\/p>\n<p style=\"text-align: right\"><em>J\u00e1nos Dusza, president<\/em><\/p>\n","protected":false},"excerpt":{"rendered":"<p>STATUTES OF THE HUNGARIAN ACADEMIC COUNCIL OF SLOVAKIA I.\u00a0THE REALIZATION OF GOALS Passage 1 The HUNGARIAN ACADEMIC COUNCIL OF SLOVAKIA (henceforth: the Association) is a nongovernmental organization which has been formed for an undefined length of time in order to support and develop science, scholarship and arts by Hungarians in Slovakia. II. THE GOALS OF&#8230; <\/p>\n<div class=\"clear\"><\/div>\n<p><a href=\"https:\/\/szmat.sk\/en\/hacs\/statutes\/\" class=\"excerpt-read-more newsstand-button\">Read More<\/a><\/p>\n","protected":false},"author":1,"featured_media":0,"parent":336,"menu_order":0,"comment_status":"closed","ping_status":"open","template":"","meta":{"footnotes":""},"class_list":["post-341","page","type-page","status-publish","hentry"],"_links":{"self":[{"href":"https:\/\/szmat.sk\/en\/wp-json\/wp\/v2\/pages\/341","targetHints":{"allow":["GET"]}}],"collection":[{"href":"https:\/\/szmat.sk\/en\/wp-json\/wp\/v2\/pages"}],"about":[{"href":"https:\/\/szmat.sk\/en\/wp-json\/wp\/v2\/types\/page"}],"author":[{"embeddable":true,"href":"https:\/\/szmat.sk\/en\/wp-json\/wp\/v2\/users\/1"}],"replies":[{"embeddable":true,"href":"https:\/\/szmat.sk\/en\/wp-json\/wp\/v2\/comments?post=341"}],"version-history":[{"count":1,"href":"https:\/\/szmat.sk\/en\/wp-json\/wp\/v2\/pages\/341\/revisions"}],"predecessor-version":[{"id":342,"href":"https:\/\/szmat.sk\/en\/wp-json\/wp\/v2\/pages\/341\/revisions\/342"}],"up":[{"embeddable":true,"href":"https:\/\/szmat.sk\/en\/wp-json\/wp\/v2\/pages\/336"}],"wp:attachment":[{"href":"https:\/\/szmat.sk\/en\/wp-json\/wp\/v2\/media?parent=341"}],"curies":[{"name":"wp","href":"https:\/\/api.w.org\/{rel}","templated":true}]}}